{"id":1158,"date":"2022-01-23T11:04:08","date_gmt":"2022-01-23T10:04:08","guid":{"rendered":"https:\/\/simsalala.eu\/preview\/?post_type=product&#038;p=1158"},"modified":"2022-02-14T15:02:19","modified_gmt":"2022-02-14T14:02:19","slug":"pesnicky-pre-sikovne-deticky-remesielka","status":"publish","type":"product","link":"https:\/\/simsalala.eu\/index.php\/produkt\/pesnicky-pre-sikovne-deticky-remesielka\/","title":{"rendered":"Pesni\u010dky pre \u0161ikovn\u00e9 deti\u010dky: Remesielka"},"content":{"rendered":"<p>V porad\u00ed \u0161tvrt\u00e9 CD Simsalala hravou a p\u00fatavou formou nau\u010d\u00ed va\u0161e deti\u010dky v\u0161etko o remesl\u00e1ch. S\u00fa\u010das\u0165ou CD je n\u00e1dherne ilustrovan\u00fd booklet, ktor\u00fd obsahuje v\u0161etky texty piesn\u00ed. Toto CD va\u0161e deti\u010dky nielen zabav\u00ed, pote\u0161\u00ed a roztancuje, ale taktie\u017e ich aj nau\u010d\u00ed nie\u010do nov\u00e9.<\/p>\n<p><strong>Zoznam piesn\u00ed:<\/strong><\/p>\n<ol>\n<li>Remesl\u00e1<\/li>\n<li>Pek\u00e1r<\/li>\n<li>Kuch\u00e1rka<\/li>\n<li>Komin\u00e1r<\/li>\n<li>U\u010dite\u013eka<\/li>\n<li>Automechanik<\/li>\n<li>Modelky, Here\u010dky, Spev\u00e1\u010dky<\/li>\n<li>Maliar<\/li>\n<li>Zverolek\u00e1r<\/li>\n<li>Cvi\u010dite\u013eka<\/li>\n<\/ol>\n","protected":false},"excerpt":{"rendered":"<p>V porad\u00ed \u0161tvrt\u00e9 CD Simsalala hravou a p\u00fatavou formou nau\u010d\u00ed va\u0161e deti\u010dky v\u0161etko o remesl\u00e1ch. S\u00fa\u010das\u0165ou CD je n\u00e1dherne ilustrovan\u00fd booklet, ktor\u00fd obsahuje v\u0161etky texty piesn\u00ed. Toto CD va\u0161e deti\u010dky nielen zabav\u00ed, pote\u0161\u00ed a roztancuje, ale taktie\u017e ich aj nau\u010d\u00ed nie\u010do nov\u00e9. Zoznam piesn\u00ed: Remesl\u00e1 Pek\u00e1r Kuch\u00e1rka Komin\u00e1r U\u010dite\u013eka Automechanik Modelky, Here\u010dky, Spev\u00e1\u010dky Maliar Zverolek\u00e1r Cvi\u010dite\u013eka<\/p>\n","protected":false},"featured_media":1446,"template":"","meta":{"om_disable_all_campaigns":false,"_monsterinsights_skip_tracking":false,"_monsterinsights_sitenote_active":false,"_monsterinsights_sitenote_note":"","_monsterinsights_sitenote_category":0},"product_cat":[20],"product_tag":[],"aioseo_notices":[],"_links":{"self":[{"href":"https:\/\/simsalala.eu\/index.php\/wp-json\/wp\/v2\/product\/1158"}],"collection":[{"href":"https:\/\/simsalala.eu\/index.php\/wp-json\/wp\/v2\/product"}],"about":[{"href":"https:\/\/simsalala.eu\/index.php\/wp-json\/wp\/v2\/types\/product"}],"wp:featuredmedia":[{"embeddable":true,"href":"https:\/\/simsalala.eu\/index.php\/wp-json\/wp\/v2\/media\/1446"}],"wp:attachment":[{"href":"https:\/\/simsalala.eu\/index.php\/wp-json\/wp\/v2\/media?parent=1158"}],"wp:term":[{"taxonomy":"product_cat","embeddable":true,"href":"https:\/\/simsalala.eu\/index.php\/wp-json\/wp\/v2\/product_cat?post=1158"},{"taxonomy":"product_tag","embeddable":true,"href":"https:\/\/simsalala.eu\/index.php\/wp-json\/wp\/v2\/product_tag?post=1158"}],"curies":[{"name":"wp","href":"https:\/\/api.w.org\/{rel}","templated":true}]}}