{"id":1151,"date":"2022-01-23T11:06:30","date_gmt":"2022-01-23T10:06:30","guid":{"rendered":"https:\/\/simsalala.eu\/preview\/?post_type=product&#038;p=1151"},"modified":"2022-02-14T23:19:23","modified_gmt":"2022-02-14T22:19:23","slug":"pesnicky-pre-sikovne-deticky-boli-sme-si-sudeni","status":"publish","type":"product","link":"https:\/\/simsalala.eu\/index.php\/produkt\/pesnicky-pre-sikovne-deticky-boli-sme-si-sudeni\/","title":{"rendered":"Pesni\u010dky pre \u0161ikovn\u00e9 deti\u010dky: Boli sme si s\u00faden\u00ed"},"content":{"rendered":"<p>\u201eBoli sme si s\u00faden\u00ed &#8220; N\u00e1zov hovor\u00ed za v\u0161etko. Isto ste si v\u0161imli, \u017ee je na \u0148om aj syn\u010dek \u0160imonko, pre ktor\u00e9ho Simsalala naspievala piese\u0148 s n\u00e1zvom ,, Boli sme si s\u00faden\u00ed &#8220; a tak aj nazvala toto pre \u0148u najvz\u00e1cnej\u0161ie CD. Na tomto d\u00fahovom, p\u00fatavom CD n\u00e1jdete najnov\u0161ie piesne Simsalaly o \u013dudskom tele, Rozcvi\u010dku, ktor\u00e1 dostane v\u0161etky deti\u010dky na no\u017ei\u010dky, piese\u0148 o b\u00e1bike Simsalalke, ale aj letn\u00fa chyt\u013eav\u00fa bombu Po\u010fme sa hra\u0165.<\/p>\n<p><strong>Zoznam piesn\u00ed:<\/strong><\/p>\n<ol>\n<li>Rozcvi\u010dka<\/li>\n<li>Po\u010fme sa hra\u0165<\/li>\n<li>\u013dudsk\u00e9 telo<\/li>\n<li>B\u00e1bika Simsalalka<\/li>\n<li>Boli sme si s\u00faden\u00ed<\/li>\n<li>&#8211; 10. Karaoke verzia ku ka\u017edej pesni\u010dke<\/li>\n<\/ol>\n","protected":false},"excerpt":{"rendered":"<p>\u201eBoli sme si s\u00faden\u00ed &#8220; N\u00e1zov hovor\u00ed za v\u0161etko. Isto ste si v\u0161imli, \u017ee je na \u0148om aj syn\u010dek \u0160imonko, pre ktor\u00e9ho Simsalala naspievala piese\u0148 s n\u00e1zvom ,, Boli sme si s\u00faden\u00ed &#8220; a tak aj nazvala toto pre \u0148u najvz\u00e1cnej\u0161ie CD. Na tomto d\u00fahovom, p\u00fatavom CD n\u00e1jdete najnov\u0161ie piesne Simsalaly o \u013dudskom tele, Rozcvi\u010dku, ktor\u00e1 dostane v\u0161etky deti\u010dky na no\u017ei\u010dky, piese\u0148 o b\u00e1bike Simsalalke, ale aj letn\u00fa chyt\u013eav\u00fa bombu Po\u010fme sa hra\u0165. Zoznam piesn\u00ed: Rozcvi\u010dka Po\u010fme sa hra\u0165 \u013dudsk\u00e9 telo B\u00e1bika Simsalalka Boli sme si s\u00faden\u00ed &#8211; 10. Karaoke verzia ku ka\u017edej pesni\u010dke<\/p>\n","protected":false},"featured_media":132,"template":"","meta":{"om_disable_all_campaigns":false,"_monsterinsights_skip_tracking":false,"_monsterinsights_sitenote_active":false,"_monsterinsights_sitenote_note":"","_monsterinsights_sitenote_category":0},"product_cat":[20],"product_tag":[],"aioseo_notices":[],"_links":{"self":[{"href":"https:\/\/simsalala.eu\/index.php\/wp-json\/wp\/v2\/product\/1151"}],"collection":[{"href":"https:\/\/simsalala.eu\/index.php\/wp-json\/wp\/v2\/product"}],"about":[{"href":"https:\/\/simsalala.eu\/index.php\/wp-json\/wp\/v2\/types\/product"}],"wp:featuredmedia":[{"embeddable":true,"href":"https:\/\/simsalala.eu\/index.php\/wp-json\/wp\/v2\/media\/132"}],"wp:attachment":[{"href":"https:\/\/simsalala.eu\/index.php\/wp-json\/wp\/v2\/media?parent=1151"}],"wp:term":[{"taxonomy":"product_cat","embeddable":true,"href":"https:\/\/simsalala.eu\/index.php\/wp-json\/wp\/v2\/product_cat?post=1151"},{"taxonomy":"product_tag","embeddable":true,"href":"https:\/\/simsalala.eu\/index.php\/wp-json\/wp\/v2\/product_tag?post=1151"}],"curies":[{"name":"wp","href":"https:\/\/api.w.org\/{rel}","templated":true}]}}