{"id":1457,"date":"2022-02-14T15:46:34","date_gmt":"2022-02-14T14:46:34","guid":{"rendered":"https:\/\/simsalala.eu\/preview\/?page_id=1457"},"modified":"2022-08-29T23:29:10","modified_gmt":"2022-08-29T21:29:10","slug":"o-mne","status":"publish","type":"page","link":"https:\/\/simsalala.eu\/","title":{"rendered":"O mne"},"content":{"rendered":"<div class=\"brz-root__container brz-reset-all\">\n<section data-uid=\"dskmwovqjejsyyvxygucfqnrkjyoybhutpoa\" id=\"dskmwovqjejsyyvxygucfqnrkjyoybhutpoa\" class=\"brz-section brz-css-qibkd\">\n<div class=\"brz-section__content brz-section--boxed brz-css-ivtsq brz-css-tgazu\" data-custom-id=\"zhwdqfqbmnvtbtcrnvwoainjwibiitgvffem\">\n<div class=\"brz-bg\">\n<div class=\"brz-bg-color\"><\/div>\n<\/div>\n<div class=\"brz-container brz-css-wcqow\">\n<div class=\"brz-row__container brz-css-fdmwl\" data-custom-id=\"kboxpknnligyruoujivhckzdyuspwayosbmk\">\n<div class=\"brz-row brz-css-poqxu brz-css-hlxae\">\n<div class=\"brz-columns brz-css-wipeb\" data-custom-id=\"yxscknzqqoulskhorbuaxzdappetflalvuny\">\n<div class=\"brz-column__items brz-css-ctbcn\">\n<div class=\"brz-css-upknb brz-css-ctxnl brz-wrapper\">\n<div class=\"brz-image brz-css-yzwlk brz-css-mavsh\"><picture class=\"brz-picture brz-d-block brz-p-relative brz-css-rlomc\" data-custom-id=\"izyxggnxfcglkwvddtutoiqbiwutrtwetybz\"><source srcset=\"https:\/\/simsalala.eu\/wp-content\/uploads\/brizy\/imgs\/0O8A3351_71-scaled-555x694x0x0x555x633x1644850274.jpg 1x, https:\/\/simsalala.eu\/wp-content\/uploads\/brizy\/imgs\/0O8A3351_71-scaled-1110x1388x0x0x1110x1266x1644850274.jpg 2x\" media=\"(min-width: 992px)\" \/><source srcset=\"https:\/\/simsalala.eu\/wp-content\/uploads\/brizy\/imgs\/0O8A3351_71-scaled-354x443x0x0x354x404x1644850274.jpg 1x, https:\/\/simsalala.eu\/wp-content\/uploads\/brizy\/imgs\/0O8A3351_71-scaled-708x886x0x0x708x808x1644850274.jpg 2x\" media=\"(min-width: 768px)\" \/><img class=\"brz-img\" srcset=\"https:\/\/simsalala.eu\/wp-content\/uploads\/brizy\/imgs\/0O8A3351_71-scaled-585x731x105x0x387x620x1644850274.jpg 1x, https:\/\/simsalala.eu\/wp-content\/uploads\/brizy\/imgs\/0O8A3351_71-scaled-1170x1462x210x0x774x1240x1644850274.jpg 2x\" src=\"https:\/\/simsalala.eu\/wp-content\/uploads\/brizy\/imgs\/0O8A3351_71-scaled-555x694x0x0x555x633x1644850274.jpg\" alt=\"obrazok simsalala\" draggable=\"false\" loading=\"lazy\" \/><\/picture><\/div>\n<\/div>\n<\/div>\n<\/div>\n<div class=\"brz-columns brz-css-wipeb\" data-custom-id=\"nijnriennbgaapiylhqucujyrwqlxxhropgx\">\n<div class=\"brz-column__items brz-css-ctbcn brz-css-vhiqh\">\n<div class=\"brz-css-upknb brz-css-qudbn brz-wrapper\">\n<div class=\"brz-spacer brz-css-fhpns\"><\/div>\n<\/div>\n<div class=\"brz-css-upknb brz-css-xxggi brz-wrapper\">\n<div class=\"brz-rich-text brz-rich-text__custom brz-css-oavlf\" data-custom-id=\"rbqqfkzjyrdesgfgvarcxgxbymqucjmriqbv\">\n<div>\n<h2 class=\"brz-css-vhkpr\" data-uniq-id=\"tzuyr\" data-generated-css=\"brz-css-hotty\"><span class=\"brz-cp-color2\">Simsalala<\/span><\/h2>\n<\/div>\n<\/div>\n<\/div>\n<div class=\"brz-css-upknb brz-css-ftkuo brz-wrapper\">\n<div class=\"brz-rich-text brz-rich-text__custom brz-css-oavlf\" data-custom-id=\"upmfucnnolrixetkfizrtkqapqgpuzwqtsac\">\n<div>\n<p class=\"brz-css-rgoli\" data-uniq-id=\"gopdk\" data-generated-css=\"brz-css-oxjdo\"><em class=\"brz-cp-color3\">Detsk\u00e1 spev\u00e1\u010dka<\/em><\/p>\n<\/div>\n<\/div>\n<\/div>\n<div class=\"brz-css-upknb brz-wrapper\">\n<div class=\"brz-rich-text brz-rich-text__custom brz-css-oavlf\" data-custom-id=\"plrdigptnboxukokvspiyzuidsysgjthkswn\">\n<div>\n<p class=\"brz-css-jxxns\" data-uniq-id=\"fhwvb\" data-generated-css=\"brz-css-ptkun\"><span style=\"color: rgb(17, 18, 18); opacity: 0.95;\">V\u017edy skvel\u00e9 naladen\u00e1, usmievav\u00e1, farebn\u00e1 v\u00edla Simsalala roz\u017eiari o\u010dk\u00e1 v\u0161etk\u00fdm de\u0165om a te\u0161i\u0165 sa m\u00f4\u017eete<\/span><\/p>\n<p class=\"brz-css-gewih\" data-generated-css=\"brz-css-utdpv\" data-uniq-id=\"rbtry\"><span style=\"color: rgb(17, 18, 18); opacity: 0.95;\">aj na poriadnu z\u00e1bavu.<\/span><\/p>\n<p class=\"brz-css-xjuit\" data-generated-css=\"brz-css-kraju\" data-uniq-id=\"eknli\"><span style=\"color: rgb(17, 18, 18); opacity: 0.95;\">SIMONA HUD\u00c1KOV\u00c1 &#8211; SIMSALALA, ktor\u00e1 vy\u0161tudovala spev a hru na klav\u00edri spieva piesne vlastnej tvorby, s ktor\u00fdmi vystupuje na r\u00f4znych podujatiach a v matersk\u00fdch \u0161k\u00f4lkach. Deti sa nau\u010dia ve\u013ea nov\u00e9ho zatancuj\u00fa si, zacvi\u010dia.<\/span><\/p>\n<\/div>\n<\/div>\n<\/div>\n<\/div>\n<\/div>\n<\/div>\n<\/div>\n<\/div>\n<\/div>\n<\/section>\n<section data-uid=\"wodnntcqpbefmobvixnltfdilveppqbvndaz\" id=\"wodnntcqpbefmobvixnltfdilveppqbvndaz\" class=\"brz-section brz-css-qibkd\">\n<div class=\"brz-section__content brz-section--boxed brz-css-ivtsq brz-css-moszr\" data-custom-id=\"ryqgdhbnktzkfbjyksvnbgidaohgijdkkuvi\">\n<div class=\"brz-bg\">\n<div class=\"brz-bg-color\"><\/div>\n<\/div>\n<div class=\"brz-container brz-css-wcqow\">\n<div class=\"brz-row__container brz-css-fdmwl\" data-custom-id=\"yzmitcixydkmmqsczrcxnbdbfeqjcgfwivwd\">\n<div class=\"brz-row brz-css-poqxu\">\n<div class=\"brz-columns brz-css-wipeb brz-css-ylkzf\" data-custom-id=\"fpzuhdzstbybtcjxmokbzqpapgdbjqldrbxf\">\n<div class=\"brz-column__items brz-css-ctbcn\">\n<div class=\"brz-css-upknb brz-wrapper\">\n<div class=\"brz-icon-text brz-css-tbymv\" data-custom-id=\"hststmjkkuqkfnirreqwauudhannctwkkqqv\">\n<div id class=\"brz-icon__container\" data-custom-id=\"oszewnzslwcfgslpsyrnlkukthcqrjeaucno\"><span class=\"brz-span brz-icon css-1jv7crd\"><svg version=\"1.1\" xmlns=\"http:\/\/www.w3.org\/2000\/svg\" xmlns:xlink=\"http:\/\/www.w3.org\/1999\/xlink\" x=\"0px\" y=\"0px\" viewbox=\"0 0 24 24\" xml:space=\"preserve\" class=\"brz-icon-svg\" data-type=\"glyph\" data-name=\"phone-3\"><g class=\"nc-icon-wrapper\" fill=\"currentColor\"><path data-color=\"color-2\" fill=\"currentColor\" d=\"M20,1H4C1.791,1,0,2.791,0,5v3h7V5h10v3h7V5C24,2.791,22.209,1,20,1z\" \/> <path fill=\"currentColor\" d=\"M22.759,17.35l-6-7C16.569,10.128,16.292,10,16,10H8c-0.292,0-0.569,0.128-0.759,0.35l-6,7 C1.085,17.53,1,17.762,1,18v5c0,0.553,0.447,1,1,1h20c0.553,0,1-0.447,1-1v-5C23,17.762,22.915,17.53,22.759,17.35z M12,20 c-1.657,0-3-1.343-3-3s1.343-3,3-3s3,1.343,3,3S13.657,20,12,20z\" \/><\/g><\/svg><\/span><\/div>\n<div class=\"brz-text-btn\">\n<div class=\"brz-rich-text brz-rich-text__custom brz-css-oavlf\" data-custom-id=\"aqkitetyjrfhhcqciuuedinrjggdzcgwnacp\">\n<div>\n<p data-uniq-id=\"soovz\" data-generated-css=\"brz-css-gxiio\" class=\"brz-css-eseka\"><span style=\"color: rgb(115, 119, 127);\">TELEF\u00d3N<\/span><\/p>\n<p data-uniq-id=\"lyarc\" data-generated-css=\"brz-css-jsqdo\" class=\"brz-css-dokgn\"><span style=\"color: rgb(115, 119, 127);\">+421 902 704 363<\/span><\/p>\n<\/div>\n<\/div>\n<\/div>\n<\/div>\n<\/div>\n<\/div>\n<\/div>\n<div class=\"brz-columns brz-css-wipeb brz-css-npswq\" data-custom-id=\"whkfcjblmmfqnynlgrdoerolymnvngqwkstr\">\n<div class=\"brz-column__items brz-css-ctbcn\">\n<div class=\"brz-css-upknb brz-wrapper\">\n<div class=\"brz-icon-text brz-css-tbymv brz-css-okibc\" data-custom-id=\"giwqdbmjxanmcbmhzpzittzkdvikffkzmdhq\">\n<div id class=\"brz-icon__container\" data-custom-id=\"abjiisijjwrlxokqpzuskqnsbuamxsrheelm\"><span class=\"brz-span brz-icon css-1jv7crd\"><svg version=\"1.1\" xmlns=\"http:\/\/www.w3.org\/2000\/svg\" xmlns:xlink=\"http:\/\/www.w3.org\/1999\/xlink\" x=\"0px\" y=\"0px\" viewbox=\"0 0 24 24\" xml:space=\"preserve\" class=\"brz-icon-svg\" data-type=\"glyph\" data-name=\"newsletter\"><g class=\"nc-icon-wrapper\" fill=\"currentColor\"><path fill=\"currentColor\" d=\"M12.5,17.9C12.3,18,12.2,18,12,18s-0.3,0-0.5-0.1L0,11.7V23c0,0.6,0.4,1,1,1h22c0.6,0,1-0.4,1-1V11.7 L12.5,17.9z\" \/> <path fill=\"currentColor\" d=\"M6,12.6L6,12.6L6,12.6V2h12v6v4.6l5.1-2.8L20,7.5V1c0-0.6-0.4-1-1-1H5C4.4,0,4,0.4,4,1v6.6L0.9,9.9L6,12.6z\" \/> <rect data-color=\"color-2\" x=\"8\" y=\"5\" fill=\"currentColor\" width=\"8\" height=\"2\" \/> <rect data-color=\"color-2\" x=\"8\" y=\"9\" fill=\"currentColor\" width=\"8\" height=\"2\" \/><\/g><\/svg><\/span><\/div>\n<div class=\"brz-text-btn\">\n<div class=\"brz-rich-text brz-rich-text__custom brz-css-oavlf\" data-custom-id=\"lcbpokxznhdscleylmgmtblsaxnlqzyginlu\">\n<div>\n<p class=\"brz-css-rknvy\" data-uniq-id=\"fcboe\" data-generated-css=\"brz-css-seigr\">EMAIL<\/p>\n<p class=\"brz-css-qmctk\" data-uniq-id=\"fcboe\" data-generated-css=\"brz-css-seigr\"><a href=\"mailto: simsalala@simsalala.eu\" style class=\"link--external brz-cp-color7\" data-brz-link-type=\"external\">simsalala@simsalala.eu<\/a><\/p>\n<\/div>\n<\/div>\n<\/div>\n<\/div>\n<\/div>\n<\/div>\n<\/div>\n<\/div>\n<\/div>\n<div id=\"swsk-divider\" class=\"brz-row__container brz-css-fdmwl\" data-custom-id=\"ajrnjmrvoeladjpfnodhgvqawypyscdvsitx\">\n<div class=\"brz-row brz-css-poqxu\">\n<div class=\"brz-columns brz-css-wipeb brz-css-qctks\" data-custom-id=\"yrtdzikdjukoqnehnwnqgukycysvwhcxvpui\">\n<div class=\"brz-column__items brz-css-ctbcn\">\n<div class=\"brz-css-upknb brz-css-pwvsh brz-wrapper\">\n<div class=\"brz-image brz-css-dlgvn\"><picture class=\"brz-picture brz-d-block brz-p-relative brz-css-svtvw\" data-custom-id=\"urwqfwmcxppkopyddglditgvcwjzoetmlito\"><source srcset=\"https:\/\/simsalala.eu\/wp-content\/uploads\/brizy\/imgs\/simsalala-logo-height80-tinted-254x115x0x4x254x107x1644861162.png 1x, https:\/\/simsalala.eu\/wp-content\/uploads\/brizy\/imgs\/simsalala-logo-height80-tinted-508x230x0x8x508x214x1644861162.png 2x\" media=\"(min-width: 992px)\" \/><source srcset=\"https:\/\/simsalala.eu\/wp-content\/uploads\/brizy\/imgs\/simsalala-logo-height80-tinted-163x74x0x3x163x69x1644861162.png 1x, https:\/\/simsalala.eu\/wp-content\/uploads\/brizy\/imgs\/simsalala-logo-height80-tinted-326x148x0x6x326x138x1644861162.png 2x\" media=\"(min-width: 768px)\" \/><img class=\"brz-img\" srcset=\"https:\/\/simsalala.eu\/wp-content\/uploads\/brizy\/imgs\/simsalala-logo-height80-tinted-297x135x0x5x297x125x1644861162.png 1x, https:\/\/simsalala.eu\/wp-content\/uploads\/brizy\/imgs\/simsalala-logo-height80-tinted-594x270x0x10x594x250x1644861162.png 2x\" src=\"https:\/\/simsalala.eu\/wp-content\/uploads\/brizy\/imgs\/simsalala-logo-height80-tinted-254x115x0x4x254x107x1644861162.png\" alt=\"logo simsalala\" draggable=\"false\" loading=\"lazy\" \/><\/picture><\/div>\n<\/div>\n<\/div>\n<\/div>\n<div class=\"brz-columns brz-css-wipeb brz-css-quvnr\" data-custom-id=\"qiqrnrgerwwzchmutprdpumkoewyqhltoekc\">\n<div class=\"brz-column__items brz-css-ctbcn\">\n<div class=\"brz-css-upknb brz-css-soqnt brz-wrapper\">\n<div class=\"brz-rich-text brz-rich-text__custom brz-css-oavlf\" data-custom-id=\"dfxaubzspmvaglelnobgvwevkljhpaixjexa\">\n<div>\n<p class=\"brz-css-ydlvc\" data-uniq-id=\"zuqac\" data-generated-css=\"brz-css-cujvb\"><strong class=\"brz-cp-color7\">Kontakt<\/strong><\/p>\n<\/div>\n<\/div>\n<\/div>\n<div class=\"brz-css-upknb brz-wrapper\">\n<div class=\"brz-rich-text brz-rich-text__custom brz-css-oavlf\" data-custom-id=\"jsdeemicypqvmrzofkoajwrtoiwfoocsfont\">\n<div>\n<p class=\"brz-css-osail\" data-uniq-id=\"rjllf\" data-generated-css=\"brz-css-aalpy\"><span class=\"brz-cp-color7\">Simona Hud\u00e1kov\u00e1 &#8211; SIMSALALA<\/span><\/p>\n<p class=\"brz-css-jwjdo\" data-uniq-id=\"dbxvb\" data-generated-css=\"brz-css-davxa\"><span class=\"brz-cp-color7\">Ve\u013ek\u00fd Lap\u00e1\u0161 1122<\/span><\/p>\n<p class=\"brz-css-rmfhz\" data-uniq-id=\"ijnnn\" data-generated-css=\"brz-css-purgi\"><span class=\"brz-cp-color7\">951 04 Ve\u013ek\u00fd Lap\u00e1\u0161 <\/span><\/p>\n<\/div>\n<\/div>\n<\/div>\n<div class=\"brz-css-upknb brz-wrapper\">\n<div class=\"brz-rich-text brz-rich-text__custom brz-css-oavlf\" data-custom-id=\"euqazdzmhocufubeepfgwdeptvpyybldlqqb\">\n<div>\n<p class=\"brz-css-twscj\" data-uniq-id=\"jqpsm\" data-generated-css=\"brz-css-dztzp\"><span class=\"brz-cp-color7\">I\u010cO: 50318501<\/span><\/p>\n<p class=\"brz-css-nasew\" data-uniq-id=\"nsgez\" data-generated-css=\"brz-css-fnofv\"><span class=\"brz-cp-color7\">DI\u010c: 1120083899<\/span><\/p>\n<p class=\"brz-css-kkohb\" data-generated-css=\"brz-css-idokr\" data-uniq-id=\"bbsmc\"><span class=\"brz-cp-color7\">Zap\u00edsan\u00e1 v O\u00da Nitra, \u010d.\u017eiv.reg.: 470-18757<\/span><\/p>\n<\/div>\n<\/div>\n<\/div>\n<\/div>\n<\/div>\n<div class=\"brz-columns brz-css-wipeb brz-css-gvbrh\" data-custom-id=\"emqrubgoqoxmsmdrnyodvzfbskbhfisvwrre\">\n<div class=\"brz-column__items brz-css-ctbcn\">\n<div class=\"brz-css-upknb brz-css-dhemi brz-wrapper\">\n<div class=\"brz-rich-text brz-rich-text__custom brz-css-oavlf\" data-custom-id=\"wuwrrtjcrjgztcklosjglqmiemozszvokwim\">\n<div>\n<p class=\"brz-css-mpvjf\" data-uniq-id=\"jfsjv\" data-generated-css=\"brz-css-sejbt\"><strong class=\"brz-cp-color7\">Inform\u00e1cie<\/strong><\/p>\n<\/div>\n<\/div>\n<\/div>\n<div class=\"brz-css-upknb brz-css-zwmlo brz-wrapper\">\n<div class=\"brz-embed-code brz-css-lwwma brz-css-lxlsm\" data-custom-id=\"erclhkejtbptugluoljlykferubglngkfjbk\">\n<div class=\"brz-embed-content\">\n<div class><a href=\"javascript: Cookiebot.renew();\" class=\"swsk-link\">Nastavenie cookies<\/a><\/div>\n<\/div>\n<\/div>\n<\/div>\n<div id=\"swsk-link-container\" class=\"brz-css-upknb brz-css-ocdbt brz-wrapper\">\n<div class=\"brz-rich-text brz-rich-text__custom brz-css-oavlf\" data-custom-id=\"dkpblqeeirlrorebdwlkvspyggnpgfnkpwvz\">\n<div>\n<p class=\"brz-css-esnew\" data-generated-css=\"brz-css-tmjcu\" data-uniq-id=\"zxggb\"><a href=\"https:\/\/simsalala.eu\/index.php\/prehlasenie-cookies\" style class=\"brz-cp-color7 link--external\" data-brz-link-type=\"external\">Prehl\u00e1senie o cookies<\/a><\/p>\n<\/div>\n<\/div>\n<\/div>\n<div id=\"swsk-link-container\" class=\"brz-css-upknb brz-css-sywfk brz-wrapper\">\n<div class=\"brz-rich-text brz-rich-text__custom brz-css-oavlf\" data-custom-id=\"qjcpwiefaryygbbvcdikhacjlojhusgwncbn\">\n<div>\n<p class=\"brz-css-jkuna\" data-uniq-id=\"rsgkg\" data-generated-css=\"brz-css-lttsv\"><a href=\"https:\/\/simsalala.eu\/index.php\/prehlasenie-cookies\" style class=\"brz-cp-color7 link--external\" data-brz-link-type=\"external\">Ochrana osobn\u00fdch \u00fadajov<\/a><\/p>\n<\/div>\n<\/div>\n<\/div>\n<div id=\"swsk-link-container\" class=\"brz-css-upknb brz-css-xvlbp brz-wrapper\">\n<div class=\"brz-rich-text brz-rich-text__custom brz-css-oavlf\" data-custom-id=\"mdvvilgwggacjzjzltmwqwtndisvidgnopdy\">\n<div>\n<p class=\"brz-css-mvkwg\" data-uniq-id=\"mmvue\" data-generated-css=\"brz-css-qsspt\"><a href=\"https:\/\/simsalala.eu\/index.php\/prehlasenie-cookies\" style class=\"brz-cp-color7 link--external\" data-brz-link-type=\"external\">Obchodn\u00e9 podmienky<\/a><\/p>\n<\/div>\n<\/div>\n<\/div>\n<div id=\"swsk-link-container\" class=\"brz-css-upknb brz-css-eztvd brz-wrapper\">\n<div class=\"brz-rich-text brz-rich-text__custom brz-css-oavlf\" data-custom-id=\"vhhrhbljphadphjgdfhohuxetenkmrtigdwu\">\n<div>\n<p class=\"brz-css-ydzyc\" data-uniq-id=\"rkwdg\" data-generated-css=\"brz-css-lzlsx\"><a href=\"https:\/\/simsalala.eu\/index.php\/prehlasenie-cookies\" style class=\"brz-cp-color7 link--external\" data-brz-link-type=\"external\">Doprava a platba<\/a><\/p>\n<\/div>\n<\/div>\n<\/div>\n<div id=\"swsk-link-container\" class=\"brz-css-upknb brz-css-qbqts brz-wrapper\">\n<div class=\"brz-rich-text brz-rich-text__custom brz-css-oavlf\" data-custom-id=\"jpoanvzanthmsylyugxchreufyviybcnziyw\">\n<div>\n<p class=\"brz-css-dkjxc\" data-uniq-id=\"pxcxw\" data-generated-css=\"brz-css-qcegh\"><a href=\"https:\/\/simsalala.eu\/index.php\/prehlasenie-cookies\" style class=\"brz-cp-color7 link--external\" data-brz-link-type=\"external\">Vr\u00e1tenie tovaru a reklam\u00e1cie<\/a><\/p>\n<\/div>\n<\/div>\n<\/div>\n<\/div>\n<\/div>\n<\/div>\n<\/div>\n<div id=\"swsk-divider\" class=\"brz-row__container brz-css-fdmwl\" data-custom-id=\"zuhnsytsdirpjssgsfwqeoejbozfhcnpmzuf\">\n<div class=\"brz-row brz-css-poqxu\">\n<div class=\"brz-columns brz-css-wipeb brz-css-gozrz\" data-custom-id=\"vultynhlveuhyuxibzvjlahwfsrgcuthdaaq\">\n<div class=\"brz-column__items brz-css-ctbcn\">\n<div id=\"swsk-link-container\" class=\"brz-css-upknb brz-wrapper\">\n<div class=\"brz-rich-text brz-rich-text__custom brz-css-oavlf\" data-custom-id=\"ruxlwufhsqlitsqztyuvzweqmnoyacjzytds\">\n<div>\n<p class=\"brz-css-iczxu\" data-uniq-id=\"iavqs\" data-generated-css=\"brz-css-mufrj\"><span class=\"brz-cp-color7\">\u00a9 Copyright 2022, simsalala.eu<\/span><\/p>\n<\/div>\n<\/div>\n<\/div>\n<\/div>\n<\/div>\n<div class=\"brz-columns brz-css-wipeb brz-css-qiklh\" data-custom-id=\"jscifdjhqgnwbsmeneufjlzadpvrbqvonamf\">\n<div class=\"brz-column__items brz-css-ctbcn brz-css-ealit\">\n<div class=\"brz-wrapper-clone brz-css-cqpww\">\n<div class=\"brz-d-xs-flex brz-flex-xs-wrap brz-css-djrgh\">\n<div class=\"brz-wrapper-clone__item brz-css-lhtnl\" id=\"maghgsicljxxwufcfbqlmkuwqgvkpsqbzdoo\">\n<div id class=\"brz-icon__container\" data-custom-id=\"maghgsicljxxwufcfbqlmkuwqgvkpsqbzdoo\"><a class=\"brz-a\" href=\"https:\/\/www.facebook.com\/Simsalala\/\" target=\"_blank\" rel=\"noopener\" data-brz-link-type=\"external\" id><span class=\"brz-span brz-icon css-1p2sg9\"><svg xmlns=\"http:\/\/www.w3.org\/2000\/svg\" viewbox=\"0 0 512 512\" class=\"brz-icon-svg\" data-type=\"fa\" data-name=\"facebook\"><path d=\"M504 256C504 119 393 8 256 8S8 119 8 256c0 123.78 90.69 226.38 209.25 245V327.69h-63V256h63v-54.64c0-62.15 37-96.48 93.67-96.48 27.14 0 55.52 4.84 55.52 4.84v61h-31.28c-30.8 0-40.41 19.12-40.41 38.73V256h68.78l-11 71.69h-57.78V501C413.31 482.38 504 379.78 504 256z\" \/><\/svg><\/span><\/a><\/div>\n<\/div>\n<div class=\"brz-wrapper-clone__item brz-css-lhtnl\" id=\"klkkzkgtjldboqakzocdqdcwektaldoeihef\">\n<div id class=\"brz-icon__container\" data-custom-id=\"klkkzkgtjldboqakzocdqdcwektaldoeihef\"><a class=\"brz-a\" href=\"https:\/\/www.instagram.com\/simsalalasimsa\" target=\"_blank\" rel=\"noopener\" data-brz-link-type=\"external\" id><span class=\"brz-span brz-icon css-1p2sg9\"><svg xmlns=\"http:\/\/www.w3.org\/2000\/svg\" viewbox=\"0 0 448 512\" class=\"brz-icon-svg\" data-type=\"fa\" data-name=\"instagram-square\"><path d=\"M224,202.66A53.34,53.34,0,1,0,277.36,256,53.38,53.38,0,0,0,224,202.66Zm124.71-41a54,54,0,0,0-30.41-30.41c-21-8.29-71-6.43-94.3-6.43s-73.25-1.93-94.31,6.43a54,54,0,0,0-30.41,30.41c-8.28,21-6.43,71.05-6.43,94.33S91,329.26,99.32,350.33a54,54,0,0,0,30.41,30.41c21,8.29,71,6.43,94.31,6.43s73.24,1.93,94.3-6.43a54,54,0,0,0,30.41-30.41c8.35-21,6.43-71.05,6.43-94.33S357.1,182.74,348.75,161.67ZM224,338a82,82,0,1,1,82-82A81.9,81.9,0,0,1,224,338Zm85.38-148.3a19.14,19.14,0,1,1,19.13-19.14A19.1,19.1,0,0,1,309.42,189.74ZM400,32H48A48,48,0,0,0,0,80V432a48,48,0,0,0,48,48H400a48,48,0,0,0,48-48V80A48,48,0,0,0,400,32ZM382.88,322c-1.29,25.63-7.14,48.34-25.85,67s-41.4,24.63-67,25.85c-26.41,1.49-105.59,1.49-132,0-25.63-1.29-48.26-7.15-67-25.85s-24.63-41.42-25.85-67c-1.49-26.42-1.49-105.61,0-132,1.29-25.63,7.07-48.34,25.85-67s41.47-24.56,67-25.78c26.41-1.49,105.59-1.49,132,0,25.63,1.29,48.33,7.15,67,25.85s24.63,41.42,25.85,67.05C384.37,216.44,384.37,295.56,382.88,322Z\" \/><\/svg><\/span><\/a><\/div>\n<\/div>\n<div class=\"brz-wrapper-clone__item brz-css-lhtnl\" id=\"lxkkqrdjvmeyymjqzplrtxhijswihwogfigs\">\n<div id class=\"brz-icon__container\" data-custom-id=\"lxkkqrdjvmeyymjqzplrtxhijswihwogfigs\"><a class=\"brz-a\" href=\"https:\/\/www.youtube.com\/channel\/UCJjdXtxkjOeJr9us_q_i1EQ\" target=\"_blank\" rel=\"noopener\" data-brz-link-type=\"external\" id><span class=\"brz-span brz-icon css-1p2sg9\"><svg xmlns=\"http:\/\/www.w3.org\/2000\/svg\" viewbox=\"0 0 576 512\" class=\"brz-icon-svg\" data-type=\"fa\" data-name=\"youtube\"><path d=\"M549.655 124.083c-6.281-23.65-24.787-42.276-48.284-48.597C458.781 64 288 64 288 64S117.22 64 74.629 75.486c-23.497 6.322-42.003 24.947-48.284 48.597-11.412 42.867-11.412 132.305-11.412 132.305s0 89.438 11.412 132.305c6.281 23.65 24.787 41.5 48.284 47.821C117.22 448 288 448 288 448s170.78 0 213.371-11.486c23.497-6.321 42.003-24.171 48.284-47.821 11.412-42.867 11.412-132.305 11.412-132.305s0-89.438-11.412-132.305zm-317.51 213.508V175.185l142.739 81.205-142.739 81.201z\" \/><\/svg><\/span><\/a><\/div>\n<\/div>\n<div class=\"brz-wrapper-clone__item brz-css-lhtnl\" id=\"txszbelxljuiyhkmjipqhqkxlukksjiadarj\">\n<div id class=\"brz-icon__container\" data-custom-id=\"txszbelxljuiyhkmjipqhqkxlukksjiadarj\"><a class=\"brz-a\" href=\"https:\/\/open.spotify.com\/artist\/33vWuwpF1nKijx9c1B1LhR\" target=\"_blank\" rel=\"noopener\" data-brz-link-type=\"external\" id><span class=\"brz-span brz-icon css-1p2sg9\"><svg xmlns=\"http:\/\/www.w3.org\/2000\/svg\" viewbox=\"0 0 496 512\" class=\"brz-icon-svg\" data-type=\"fa\" data-name=\"spotify\"><path d=\"M248 8C111.1 8 0 119.1 0 256s111.1 248 248 248 248-111.1 248-248S384.9 8 248 8zm100.7 364.9c-4.2 0-6.8-1.3-10.7-3.6-62.4-37.6-135-39.2-206.7-24.5-3.9 1-9 2.6-11.9 2.6-9.7 0-15.8-7.7-15.8-15.8 0-10.3 6.1-15.2 13.6-16.8 81.9-18.1 165.6-16.5 237 26.2 6.1 3.9 9.7 7.4 9.7 16.5s-7.1 15.4-15.2 15.4zm26.9-65.6c-5.2 0-8.7-2.3-12.3-4.2-62.5-37-155.7-51.9-238.6-29.4-4.8 1.3-7.4 2.6-11.9 2.6-10.7 0-19.4-8.7-19.4-19.4s5.2-17.8 15.5-20.7c27.8-7.8 56.2-13.6 97.8-13.6 64.9 0 127.6 16.1 177 45.5 8.1 4.8 11.3 11 11.3 19.7-.1 10.8-8.5 19.5-19.4 19.5zm31-76.2c-5.2 0-8.4-1.3-12.9-3.9-71.2-42.5-198.5-52.7-280.9-29.7-3.6 1-8.1 2.6-12.9 2.6-13.2 0-23.3-10.3-23.3-23.6 0-13.6 8.4-21.3 17.4-23.9 35.2-10.3 74.6-15.2 117.5-15.2 73 0 149.5 15.2 205.4 47.8 7.8 4.5 12.9 10.7 12.9 22.6 0 13.6-11 23.3-23.2 23.3z\" \/><\/svg><\/span><\/a><\/div>\n<\/div>\n<\/div>\n<\/div>\n<\/div>\n<\/div>\n<\/div>\n<\/div>\n<\/div>\n<\/div>\n<\/section>\n<\/div>\n<p><!-- version:1661808550 --><\/p>\n","protected":false},"excerpt":{"rendered":"<p>Simsalala Detsk\u00e1 spev\u00e1\u010dka V\u017edy skvel\u00e9 naladen\u00e1, usmievav\u00e1, farebn\u00e1 v\u00edla Simsalala roz\u017eiari o\u010dk\u00e1 v\u0161etk\u00fdm de\u0165om a te\u0161i\u0165 sa m\u00f4\u017eete aj na poriadnu z\u00e1bavu. SIMONA HUD\u00c1KOV\u00c1 &#8211; SIMSALALA, ktor\u00e1 vy\u0161tudovala spev a hru na klav\u00edri spieva piesne vlastnej tvorby, s ktor\u00fdmi vystupuje na r\u00f4znych podujatiach a v matersk\u00fdch \u0161k\u00f4lkach. Deti sa nau\u010dia ve\u013ea nov\u00e9ho zatancuj\u00fa si, zacvi\u010dia. TELEF\u00d3N +421 902 704 363 EMAIL simsalala@simsalala.eu Kontakt Simona Hud\u00e1kov\u00e1 &#8211; SIMSALALA Ve\u013ek\u00fd Lap\u00e1\u0161 1122 951 04 Ve\u013ek\u00fd Lap\u00e1\u0161 I\u010cO: 50318501 DI\u010c: 1120083899 Zap\u00edsan\u00e1 v O\u00da Nitra, \u010d.\u017eiv.reg.: 470-18757 Inform\u00e1cie Nastavenie cookies Prehl\u00e1senie o cookies Ochrana osobn\u00fdch \u00fadajov Obchodn\u00e9 podmienky Doprava a platba Vr\u00e1tenie tovaru\u2026<\/p>\n","protected":false},"author":1,"featured_media":0,"parent":0,"menu_order":0,"comment_status":"closed","ping_status":"closed","template":"","meta":{"om_disable_all_campaigns":false,"_monsterinsights_skip_tracking":false,"_monsterinsights_sitenote_active":false,"_monsterinsights_sitenote_note":"","_monsterinsights_sitenote_category":0},"blocksy_meta":{"styles_descriptor":{"styles":{"desktop":"","tablet":"","mobile":""},"google_fonts":[],"version":5}},"aioseo_notices":[],"_links":{"self":[{"href":"https:\/\/simsalala.eu\/index.php\/wp-json\/wp\/v2\/pages\/1457"}],"collection":[{"href":"https:\/\/simsalala.eu\/index.php\/wp-json\/wp\/v2\/pages"}],"about":[{"href":"https:\/\/simsalala.eu\/index.php\/wp-json\/wp\/v2\/types\/page"}],"author":[{"embeddable":true,"href":"https:\/\/simsalala.eu\/index.php\/wp-json\/wp\/v2\/users\/1"}],"replies":[{"embeddable":true,"href":"https:\/\/simsalala.eu\/index.php\/wp-json\/wp\/v2\/comments?post=1457"}],"version-history":[{"count":2,"href":"https:\/\/simsalala.eu\/index.php\/wp-json\/wp\/v2\/pages\/1457\/revisions"}],"predecessor-version":[{"id":1788,"href":"https:\/\/simsalala.eu\/index.php\/wp-json\/wp\/v2\/pages\/1457\/revisions\/1788"}],"wp:attachment":[{"href":"https:\/\/simsalala.eu\/index.php\/wp-json\/wp\/v2\/media?parent=1457"}],"curies":[{"name":"wp","href":"https:\/\/api.w.org\/{rel}","templated":true}]}}